{"id":18,"date":"2025-08-21T11:19:23","date_gmt":"2025-08-21T08:19:23","guid":{"rendered":"https:\/\/goldpari-app.com\/fr\/?page_id=18"},"modified":"2025-08-21T12:15:42","modified_gmt":"2025-08-21T09:15:42","slug":"connexion","status":"publish","type":"page","link":"https:\/\/goldpari-app.com\/fr\/connexion\/","title":{"rendered":"Goldpari connexion et inscription rapides"},"content":{"rendered":"<div class=\"entry\">\n<p>Goldpari est votre plateforme moderne pour le monde des paris en ligne. Un acc\u00e8s intuitif et s\u00e9curis\u00e9 a \u00e9t\u00e9 con\u00e7u pour vous offrir les \u00e9v\u00e9nements sportifs les plus passionnants. En mettant l&#8217;accent sur les march\u00e9s africains, vous trouverez ici tout ce dont vous avez besoin pour un d\u00e9marrage r\u00e9ussi : de la cr\u00e9ation imm\u00e9diate d\u2019un compte \u00e0 la gestion compl\u00e8te de vos paris. Nous nous engageons \u00e0 vous offrir un service rapide, clair et efficace. La connexion et l&#8217;inscription sur Goldpari constituent votre premier pas vers un monde de grandes victoires. Nous garantissons la confidentialit\u00e9 totale de vos donn\u00e9es et proposons une interface facile \u00e0 utiliser.<\/p>\n<h2>Site officiel Goldpari<\/h2>\n<p>Le site officiel de Goldpari est votre point d&#8217;acc\u00e8s central \u00e0 tous nos produits. Nous l&#8217;avons con\u00e7u pour un confort maximal et une grande rapidit\u00e9 de fonctionnement. Sur notre portail, vous trouverez des paris sportifs en ligne et des cotes attractives, ainsi qu\u2019un large \u00e9ventail de march\u00e9s de paris, incluant les totaux, les handicaps, les scores exacts et les paris sur les performances individuelles des joueurs. Vous trouverez facilement tous les tournois populaires du monde entier. L&#8217;expression \u00ab bookmaker fiable \u00bb n\u2019est pas pour nous une simple strat\u00e9gie marketing, mais un fait av\u00e9r\u00e9. Notre activit\u00e9 est soutenue par une licence de bookmaker en vigueur, garantissant ainsi l&#8217;\u00e9quit\u00e9 du jeu. Regardez les diffusions en direct des matchs et placez des paris en direct en r\u00e9agissant aux \u00e9v\u00e9nements du jeu.<\/p>\n<h2>Inscription Goldpari<\/h2>\n<p>La cr\u00e9ation d&#8217;un compte est un processus aussi rapide et simple que possible. L&#8217;inscription pour acc\u00e9der \u00e0 Goldpari vous donne un acc\u00e8s illimit\u00e9 \u00e0 toutes les fonctionnalit\u00e9s de la plateforme. Chaque \u00e9tape a \u00e9t\u00e9 soigneusement pens\u00e9e afin que vous puissiez commencer \u00e0 parier sans d\u00e9lai. Il est important de fournir des informations v\u00e9ridiques, car elles seront n\u00e9cessaires pour la v\u00e9rification de votre compte \u00e0 l\u2019avenir.<\/p>\n<p>Le processus d&#8217;inscription comprend des \u00e9tapes \u00e9l\u00e9mentaires :<\/p>\n<ul>\n<li>rendez-vous sur la page principale de notre portail ;<\/li>\n<li>recherchez et cliquez sur le bouton \u00ab Inscription \u00bb ;<\/li>\n<li>remplissez soigneusement les champs propos\u00e9s : num\u00e9ro de t\u00e9l\u00e9phone, adresse e-mail et cr\u00e9ez un mot de passe robuste ;<\/li>\n<li>confirmez votre accord avec les r\u00e8gles et finalisez la cr\u00e9ation du compte.<\/li>\n<\/ul>\n<p>Nous utilisons des m\u00e9thodes de cryptage de pointe pour garantir une protection totale de vos donn\u00e9es personnelles. D\u00e8s la fin de la proc\u00e9dure, vous pourrez vous connecter \u00e0 Goldpari. Une inscription r\u00e9ussie est votre billet personnel vers le monde captivant de l&#8217;adr\u00e9naline sportive.<\/p>\n<h2>Se connecter \u00e0 Goldpari (Connexion \u00e0 Goldpari)<\/h2>\n<p>Pour vous connecter \u00e0 Goldpari, utilisez vos identifiants d&#8217;inscription. Cette proc\u00e9dure standard ne prend que quelques secondes. Saisissez votre nom d&#8217;utilisateur et votre mot de passe dans les champs pr\u00e9vus \u00e0 cet effet sur la page d&#8217;accueil. Vous acc\u00e9derez alors imm\u00e9diatement \u00e0 votre compte personnel. Si vous pr\u00e9f\u00e9rez parier depuis votre t\u00e9l\u00e9phone, nous vous recommandons de t\u00e9l\u00e9charger l&#8217;application officielle Goldpari pour acc\u00e9der \u00e0 la plateforme. L&#8217;authentification est identique sur tous les appareils, assurant une exp\u00e9rience utilisateur fluide et confortable.<\/p>\n<h2>Mon compte Goldpari<\/h2>\n<p>Mon compte Goldpari, votre centre de gestion personnel. Cette section vous donne un contr\u00f4le total sur votre activit\u00e9 de jeu.<\/p>\n<p>Vous pouvez facilement :<\/p>\n<ul>\n<li>suivre l&#8217;historique de tous vos paris effectu\u00e9s ;<\/li>\n<li>g\u00e9rer vos finances en surveillant votre solde ;<\/li>\n<li>activer des bonus et saisir des codes promotionnels ;<\/li>\n<li>modifier vos informations personnelles si n\u00e9cessaire.<\/li>\n<\/ul>\n<p>Diff\u00e9rents moyens de recharger votre compte sont disponibles : portefeuilles \u00e9lectroniques, paiements anonymes en cryptomonnaies ou virements par carte bancaire. Notre politique inclut un d\u00e9p\u00f4t minimum bas et garantit un retrait rapide des fonds.<\/p>\n<h2>Mot de passe pour se connecter \u00e0 Goldpari<\/h2>\n<p>La s\u00e9curit\u00e9 de votre profil est notre priorit\u00e9 absolue. Le mot de passe pour acc\u00e9der \u00e0 Goldpari doit \u00eatre aussi s\u00fbr que possible. Cr\u00e9ez des combinaisons complexes comportant des lettres majuscules et minuscules, des chiffres et des caract\u00e8res sp\u00e9ciaux. Si vous oubliez accidentellement votre mot de passe, utilisez la fonction simple \u00ab R\u00e9initialiser l&#8217;acc\u00e8s \u00bb. Le syst\u00e8me enverra automatiquement des instructions d\u00e9taill\u00e9es \u00e0 votre adresse e-mail. Conservez vos identifiants en lieu s\u00fbr et ne les partagez jamais avec des tiers.<\/p>\n<h2>T\u00e9l\u00e9charger l&#8217;application pour se connecter \u00e0 Goldpari<\/h2>\n<p>Pour les utilisateurs soucieux de mobilit\u00e9, nous proposons de t\u00e9l\u00e9charger l&#8217;application pour acc\u00e9der \u00e0 Goldpari. Notre application officielle de paris offre toutes les fonctionnalit\u00e9s de la plateforme directement sur votre smartphone. Parier depuis un t\u00e9l\u00e9phone portable n\u2019a jamais \u00e9t\u00e9 aussi pratique. Contrairement \u00e0 la version mobile du site, l&#8217;application fonctionne plus rapidement et consomme moins de donn\u00e9es. Nous avons d\u00e9velopp\u00e9 une application stable et conviviale pour Android. Le t\u00e9l\u00e9chargement du fichier APK depuis notre site est rapide et totalement s\u00e9curis\u00e9. L&#8217;application Goldpari reproduit int\u00e9gralement toutes les fonctionnalit\u00e9s de la version web, y compris les op\u00e9rations financi\u00e8res.<\/p>\n<table class=\"mceItemTable\" border=\"0\">\n<tbody>\n<tr>\n<td>Syst\u00e8me de paiement<\/td>\n<td>D\u00e9p\u00f4t min.<\/td>\n<td>D\u00e9lai de retrait<\/td>\n<\/tr>\n<tr>\n<td>Cartes bancaires (Visa\/MC)<\/td>\n<td>10 USD<\/td>\n<td>jusqu&#8217;\u00e0 24 heures<\/td>\n<\/tr>\n<tr>\n<td>Portefeuilles \u00e9lectroniques<\/td>\n<td>5 USD<\/td>\n<td>jusqu&#8217;\u00e0 3 heures<\/td>\n<\/tr>\n<tr>\n<td>Syst\u00e8mes de cryptomonnaies<\/td>\n<td>20 USD<\/td>\n<td>jusqu&#8217;\u00e0 1 heure<\/td>\n<\/tr>\n<tr>\n<td>Paiements mobiles<\/td>\n<td>5 USD<\/td>\n<td>jusqu&#8217;\u00e0 2 heures<\/td>\n<\/tr>\n<\/tbody>\n<\/table>\n<h2>FAQ : connexion \u00e0 l&#8217;application Goldpari<\/h2>\n<p>Dans cette section, nous avons rassembl\u00e9 les r\u00e9ponses aux questions les plus fr\u00e9quentes. Notre objectif est que votre connexion \u00e0 l&#8217;application Goldpari soit aussi simple et confortable que possible.<\/p>\n<h3>Comment se connecter \u00e0 Afro Pari via l&#8217;application Goldpari ?<\/h3>\n<p>Actuellement, il n\u2019est pas techniquement possible de se connecter \u00e0 Afro Pari via notre application. Il s&#8217;agit de deux plateformes ind\u00e9pendantes. Nous travaillons activement \u00e0 \u00e9tendre nos int\u00e9grations partenaires dans un proche avenir.<\/p>\n<h3>Que faire si je ne parviens pas \u00e0 m&#8217;authentifier dans l&#8217;application ?<\/h3>\n<p>Tout d&#8217;abord, v\u00e9rifiez la stabilit\u00e9 de votre connexion Internet. Assurez-vous que vous saisissez le bon nom d&#8217;utilisateur et le bon mot de passe. Essayez de red\u00e9marrer compl\u00e8tement l&#8217;application. Si le probl\u00e8me persiste, notre service d&#8217;assistance est \u00e0 votre disposition.<\/p>\n<h3>Comment activer mon bonus de bienvenue dans l&#8217;application ?<\/h3>\n<p>Toutes les offres promotionnelles, telles que le bonus de bienvenue ou le bonus sur le premier d\u00e9p\u00f4t, sont facilement accessibles et activables dans la section \u00ab Bonus \u00bb. Notre programme de fid\u00e9lit\u00e9 propose r\u00e9guli\u00e8rement des paris gratuits ainsi que des promotions exclusives pour les utilisateurs. N\u2019oubliez pas d\u2019utiliser des codes promotionnels pour obtenir des avantages suppl\u00e9mentaires.<\/p>\n<h3>O\u00f9 puis-je trouver des paris sur les tournois populaires d\u2019Afrique ?<\/h3>\n<p>Nous proposons une ligne bien d\u00e9velopp\u00e9e d\u2019\u00e9v\u00e9nements sportifs, incluant des paris sur la Coupe d\u2019Afrique des nations (CAN), le Championnat d\u2019Afrique des nations, ainsi que sur la Ligue des champions de la CAF. Outre le football, les paris sur le rugby et les comp\u00e9titions d\u2019athl\u00e9tisme sont \u00e9galement largement disponibles.<\/p>\n<h3>La connexion et les paris via l&#8217;application mobile sont-ils s\u00e9curis\u00e9s ?<\/h3>\n<p>Absolument. Nous utilisons des protocoles de cryptage de pointe, comme sur le site principal. Votre compte, vos donn\u00e9es personnelles et vos fonds b\u00e9n\u00e9ficient d&#8217;une protection multicouche. Vous pouvez \u00eatre totalement confiant lorsque vous pariez sur le football, le basket-ball ou les sports \u00e9lectroniques dynamiques.<\/p>\n<p>D\u00e9p\u00f4t min.<\/p>\n<\/div>\n","protected":false},"excerpt":{"rendered":"<p>Goldpari est votre plateforme moderne pour le monde des paris en ligne. Un acc\u00e8s intuitif et s\u00e9curis\u00e9 a \u00e9t\u00e9 con\u00e7u pour vous offrir les \u00e9v\u00e9nements sportifs les plus passionnants. En mettant l&#8217;accent sur les march\u00e9s africains, vous trouverez ici tout ce dont vous avez besoin pour un d\u00e9marrage r\u00e9ussi : de la cr\u00e9ation imm\u00e9diate d\u2019un &#8230;<\/p>\n","protected":false},"author":1,"featured_media":0,"parent":0,"menu_order":0,"comment_status":"closed","ping_status":"closed","template":"","meta":{"om_disable_all_campaigns":false,"footnotes":""},"class_list":["post-18","page","type-page","status-publish"],"aioseo_notices":[],"_links":{"self":[{"href":"https:\/\/goldpari-app.com\/fr\/wp-json\/wp\/v2\/pages\/18","targetHints":{"allow":["GET"]}}],"collection":[{"href":"https:\/\/goldpari-app.com\/fr\/wp-json\/wp\/v2\/pages"}],"about":[{"href":"https:\/\/goldpari-app.com\/fr\/wp-json\/wp\/v2\/types\/page"}],"author":[{"embeddable":true,"href":"https:\/\/goldpari-app.com\/fr\/wp-json\/wp\/v2\/users\/1"}],"replies":[{"embeddable":true,"href":"https:\/\/goldpari-app.com\/fr\/wp-json\/wp\/v2\/comments?post=18"}],"version-history":[{"count":2,"href":"https:\/\/goldpari-app.com\/fr\/wp-json\/wp\/v2\/pages\/18\/revisions"}],"predecessor-version":[{"id":20,"href":"https:\/\/goldpari-app.com\/fr\/wp-json\/wp\/v2\/pages\/18\/revisions\/20"}],"wp:attachment":[{"href":"https:\/\/goldpari-app.com\/fr\/wp-json\/wp\/v2\/media?parent=18"}],"curies":[{"name":"wp","href":"https:\/\/api.w.org\/{rel}","templated":true}]}}