{"id":2,"date":"2025-07-22T16:57:04","date_gmt":"2025-07-22T13:57:04","guid":{"rendered":"https:\/\/goldpari-app.com\/fr\/?page_id=2"},"modified":"2025-08-19T17:05:48","modified_gmt":"2025-08-19T14:05:48","slug":"sample-page","status":"publish","type":"page","link":"https:\/\/goldpari-app.com\/fr\/","title":{"rendered":"T\u00e9l\u00e9chargez l&#8217;appli Goldpari \u2014 l&#8217;application de paris pour mobile"},"content":{"rendered":"<div class=\"entry\">\n<p>Aujourd&#8217;hui, les paris sportifs se font majoritairement non pas via un PC, mais depuis un smartphone. Apr\u00e8s tout, une personne moderne pr\u00e9f\u00e8re tout faire en d\u00e9placement &#8212; dans une file d&#8217;attente, en mouvement, dans les transports en commun ou en pleine nature. \u00c0 cet \u00e9gard, les applications mobiles sont effectivement devenues incontournables dans le monde des paris en ligne. Et voici une option pour les paris sportifs &#8212; l&#8217;application Goldpari.<\/p>\n<div class=\"has-text-align-center\">\n<div class=\"wp-block-buttons\">\n<div class=\"wp-block-button is-style-fill\" style=\"text-align: center;\"><button style=\"background: none;\" formaction=\"href=\" data-background-color=\"#F22775\" data-color=\"white\" data-turbo=\"false\" data-primary=\"true\"><a class=\"wp-block-button__link has-text-color has-background rds_hl_nofollow\" style=\"background-color: #79a430; color: #ffffff; border-radius: 10px;\" href=\"https:\/\/goldpari-app.com\/mobile\" target=\"_blank\" rel=\"nofollow noopener\">T\u00e9l\u00e9charger l&#8217;application GoldPari<\/a><\/button><\/div>\n<\/div>\n<\/div>\n<p>Pourquoi l&#8217;avons-nous choisie ? C&#8217;est simple : Goldpari n&#8217;est pas juste un pari pour le frisson, c&#8217;est aussi de l&#8217;analyse, l&#8217;\u00e9valuation des \u00e9v\u00e9nements et la gestion du processus. De plus, vous n&#8217;aurez pas constamment besoin de chercher un miroir fonctionnel ou de vous soucier de l&#8217;acc\u00e8s &#8212; les paris sans VPN, le chargement instantan\u00e9 et une navigation simplifi\u00e9e vous offrent un confort personnel.<\/p>\n<p>La plupart des utilisateurs remarquent que placer des paris sportifs Goldpari via t\u00e9l\u00e9phone permet de parier instantan\u00e9ment sur l&#8217;\u00e9quipe choisie, mais aussi de voir rapidement les cotes, d&#8217;activer les diffusions, d&#8217;utiliser les bonus ou de retirer imm\u00e9diatement des fonds. Tout est d\u00e9sormais \u00e0 port\u00e9e de main.<\/p>\n<p><img loading=\"lazy\" decoding=\"async\" class=\"alignnone size-large wp-image-29\" src=\"https:\/\/goldpari-app.com\/wp-content\/uploads\/2025\/08\/goldpari-mobile-app-1024x473.png\" alt=\"Application mobile GoldPari\" width=\"1024\" height=\"473\" \/><\/p>\n<h3><strong>Comment t\u00e9l\u00e9charger l&#8217;application Goldpari (APK)<\/strong><\/h3>\n<p>Commen\u00e7ons par l&#8217;essentiel : t\u00e9l\u00e9charger Goldpari sur votre t\u00e9l\u00e9phone est facile. Et si vous n&#8217;avez jamais install\u00e9 d&#8217;application en dehors de Google Play ou de l&#8217;App Store auparavant, ne vous inqui\u00e9tez pas.<\/p>\n<p>Pour Android, voici comment proc\u00e9der :<\/p>\n<ol>\n<li>Ouvrez le site officiel et cliquez pour t\u00e9l\u00e9charger l&#8217;application Goldpari pour Android.<\/li>\n<li>T\u00e9l\u00e9chargez gratuitement l&#8217;APK de Goldpari.<\/li>\n<li>Autorisez l&#8217;installation depuis des sources inconnues dans les param\u00e8tres.<\/li>\n<li>Lancez l&#8217;installation &#8212; en quelques minutes, tout est pr\u00eat.<\/li>\n<\/ol>\n<p>Pour iOS (par exemple, iPhone), la proc\u00e9dure est l\u00e9g\u00e8rement diff\u00e9rente :<\/p>\n<ol>\n<li>Suivez le lien pour t\u00e9l\u00e9charger l&#8217;application Goldpari pour iPhone.<\/li>\n<li>Installez le profil dans les param\u00e8tres.<\/li>\n<li>Red\u00e9marrez l&#8217;appareil.<\/li>\n<li>Lancez l&#8217;application Goldpari pour iOS.<\/li>\n<\/ol>\n<p>Oui, l&#8217;application n&#8217;est pas encore dans l&#8217;App Store, mais cela est temporaire. La version actuelle fonctionne de mani\u00e8re stable, et vous b\u00e9n\u00e9ficiez des m\u00eames fonctionnalit\u00e9s que les utilisateurs de l&#8217;application Goldpari pour Android.<\/p>\n<h3><strong>Caract\u00e9ristiques de l&#8217;application Goldpari sur Android<\/strong><\/h3>\n<p>L&#8217;application n&#8217;est pas surcharg\u00e9e de fonctionnalit\u00e9s inutiles &#8212; tout fonctionne clairement et sans retard. Elle ne n\u00e9cessite pas un t\u00e9l\u00e9phone puissant et convient \u00e0 la plupart des mod\u00e8les Android.<\/p>\n<table border=\"1\" cellspacing=\"3\" cellpadding=\"0\">\n<tbody>\n<tr>\n<td><strong>Param\u00e8tre<\/strong><\/td>\n<td><strong>Valeur<\/strong><\/td>\n<\/tr>\n<tr>\n<td>Nom<\/td>\n<td>Application Goldpari<\/td>\n<\/tr>\n<tr>\n<td>Version actuelle<\/td>\n<td>APK Goldpari, derni\u00e8re version<\/td>\n<\/tr>\n<tr>\n<td>Taille du fichier APK<\/td>\n<td>environ 38 Mo<\/td>\n<\/tr>\n<tr>\n<td>Compatibilit\u00e9<\/td>\n<td>Android 5.0 et sup\u00e9rieur<\/td>\n<\/tr>\n<tr>\n<td>Langues de l&#8217;interface<\/td>\n<td>Anglais, Fran\u00e7ais, Russe<\/td>\n<\/tr>\n<tr>\n<td>VPN requis<\/td>\n<td>Non<\/td>\n<\/tr>\n<tr>\n<td>Notifications<\/td>\n<td>Oui (notifications push personnalisables)<\/td>\n<\/tr>\n<\/tbody>\n<\/table>\n<p>Gr\u00e2ce \u00e0 son interface l\u00e9g\u00e8re et son adaptabilit\u00e9, l&#8217;application Goldpari fonctionne parfaitement sur diff\u00e9rents appareils : des mod\u00e8les d&#8217;entr\u00e9e de gamme aux flagships.<\/p>\n<h3><strong>T\u00e9l\u00e9charger l&#8217;application Goldpari (derni\u00e8re version)<\/strong><\/h3>\n<p>Chaque mise \u00e0 jour ne se limite pas \u00e0 des &#171;corrections de bugs&#187;. Les d\u00e9veloppeurs de Goldpari suivent attentivement les souhaits des utilisateurs. Ainsi, la derni\u00e8re version de l&#8217;APK Goldpari inclut toujours des am\u00e9liorations importantes :<\/p>\n<ul>\n<li>vitesse de r\u00e9ponse accrue ;<\/li>\n<li>tri pratique des \u00e9v\u00e9nements ;<\/li>\n<li>nouvelles promotions et bonus sp\u00e9ciaux ;<\/li>\n<li>animation am\u00e9lior\u00e9e ;<\/li>\n<li>\u00e9limination des \u00e9ventuels bugs dans les paris en direct.<\/li>\n<\/ul>\n<p>C&#8217;est pourquoi t\u00e9l\u00e9charger l&#8217;application Goldpari (derni\u00e8re version) signifie \u00eatre parmi les premiers \u00e0 conna\u00eetre les cotes et avoir acc\u00e8s \u00e0 des outils suppl\u00e9mentaires. Mais rappelons que l&#8217;ancienne version fonctionne \u00e9galement, m\u00eame si elle peut ne pas prendre en charge les nouvelles promotions ou types de paris.<\/p>\n<h3><strong>T\u00e9l\u00e9charger l&#8217;application Goldpari (ancienne version)<\/strong><\/h3>\n<p>Beaucoup supposent que ce programme a \u00e9t\u00e9 d\u00e9velopp\u00e9 uniquement pour les derniers mod\u00e8les de gadgets. \u00c0 cela, nous r\u00e9pondons que t\u00e9l\u00e9charger l&#8217;application Goldpari (versions ant\u00e9rieures) est une opportunit\u00e9 unique pour tous ceux dont les smartphones ont du mal avec les programmes lourds.<\/p>\n<p>Les anciennes versions sont adapt\u00e9es pour la plateforme Android 5.0, donc elles ne consomment pas trop de ressources, ne g\u00e8lent pas, et 1 Go de RAM leur suffit. Dans le m\u00eame temps, les fonctions cl\u00e9s restent :<\/p>\n<ul>\n<li>connexion rapide \u00e0 l&#8217;application Goldpari ;<\/li>\n<li>placement de paris Goldpari depuis le t\u00e9l\u00e9phone en mode live ;<\/li>\n<li>r\u00e9ception des mises \u00e0 jour des r\u00e9sultats via des notifications push.<\/li>\n<\/ul>\n<p>Choisissez le confort sans surcharger votre appareil &#8212; les anciennes versions de Goldpari sont disponibles en ligne pour tous, quel que soit le mod\u00e8le de smartphone.<\/p>\n<h3><strong>T\u00e9l\u00e9charger l&#8217;application Goldpari pour iPhone<\/strong><\/h3>\n<p>Bien que l&#8217;application ne soit pas encore dans l&#8217;App Store, elle peut toujours \u00eatre install\u00e9e. Vous pouvez t\u00e9l\u00e9charger l&#8217;application Goldpari pour iPhone en suivant les instructions sur le site du bookmaker.<\/p>\n<p>Les instructions sont courtes :<\/p>\n<ol>\n<li>ouvrez le site Goldpari avec votre iPhone ;<\/li>\n<li>s\u00e9lectionnez le lien de t\u00e9l\u00e9chargement ;<\/li>\n<li>autorisez l&#8217;installation du profil de configuration ;<\/li>\n<li>red\u00e9marrez l&#8217;appareil et lancez l&#8217;application.<\/li>\n<\/ol>\n<p>L&#8217;application Goldpari iOS fonctionne de mani\u00e8re stable et poss\u00e8de presque les m\u00eames fonctions que la version Android : paris en direct, retraits et d\u00e9p\u00f4ts rapides, support en ligne.<\/p>\n<h3><strong>Goldpari sur iOS<\/strong><\/h3>\n<p>Dans cette version, l&#8217;interface est con\u00e7ue pour iPad, iPhone &#8212; stabilit\u00e9 de fonctionnement, r\u00e9ponses rapides. Les d\u00e9veloppeurs ont tenu compte de l&#8217;exp\u00e9rience pr\u00e9c\u00e9dente des utilisateurs sur la base de leurs retours : recharge instantan\u00e9e du solde, paris en un clic, visionnage des matchs en mode live. Vous pouvez choisir des paris pr\u00e9-match, mais aussi surveiller les cotes et les analyser, faire des pr\u00e9visions en temps r\u00e9el, recevoir des informations sur le d\u00e9roulement des matchs, augmentant ainsi vos chances de gagner.<\/p>\n<p>T\u00e9l\u00e9chargez Goldpari sur iOS depuis le site officiel, car l&#8217;application n&#8217;a peut-\u00eatre pas encore \u00e9t\u00e9 soumise \u00e0 l&#8217;App Store en raison des conditions d&#8217;Apple concernant les paris. Installez-la selon les instructions sur la page de t\u00e9l\u00e9chargement : cr\u00e9ez un profil et confirmez la confiance dans les param\u00e8tres de l&#8217;appareil.<\/p>\n<h3><strong>Goldpari t\u00e9l\u00e9phone<\/strong><\/h3>\n<p>Il n&#8217;existe pas d&#8217;appareil distinct portant ce nom &#8212; c&#8217;est juste une g\u00e9n\u00e9ralisation. Vous pouvez t\u00e9l\u00e9charger Goldpari sur votre t\u00e9l\u00e9phone s&#8217;il s&#8217;agit d&#8217;un smartphone fonctionnant sous Android ou iOS. Voici les marques sur lesquelles l&#8217;application fonctionne sans probl\u00e8me :<\/p>\n<ul>\n<li>Apple (iPhone) ;<\/li>\n<li>Samsung ;<\/li>\n<li>Xiaomi ;<\/li>\n<li>Realme ;<\/li>\n<li>Huawei etc.<\/li>\n<\/ul>\n<p>M\u00eame les anciens mod\u00e8les de smartphones g\u00e8rent l&#8217;installation avec facilit\u00e9. L&#8217;essentiel est de s&#8217;assurer que le syst\u00e8me d&#8217;exploitation est \u00e0 jour et qu&#8217;il y a un peu d&#8217;espace libre dans la m\u00e9moire.<\/p>\n<h3><strong>Goldpari pour les anciens smartphones<\/strong><\/h3>\n<p>Si vous poss\u00e9dez un ancien mod\u00e8le de t\u00e9l\u00e9phone datant d&#8217;avant 2017, ce n&#8217;est pas une raison pour renoncer au confort. N&#8217;h\u00e9sitez pas \u00e0 t\u00e9l\u00e9charger l&#8217;application Goldpari (ancienne version). Tout mod\u00e8le avec Android 4.4 et sup\u00e9rieur fonctionnera.<\/p>\n<p>Avantages :<\/p>\n<ul>\n<li>poids l\u00e9ger de l&#8217;APK ;<\/li>\n<li>installation rapide ;<\/li>\n<li>exigences minimales ;<\/li>\n<li>tout fonctionne sans VPN.<\/li>\n<\/ul>\n<p>Les anciens appareils ne sont pas une condamnation. M\u00eame eux permettent de placer des paris via l&#8217;application Goldpari pour t\u00e9l\u00e9phone sans probl\u00e8me.<\/p>\n<h3>T\u00e9l\u00e9charger l&#8217;application Goldpari pour PC<\/h3>\n<p>Est-il possible d&#8217;installer l&#8217;application Goldpari pour PC ? C&#8217;est possible. Bien que les d\u00e9veloppeurs de Goldpari se soient concentr\u00e9s sur les plateformes mobiles, l&#8217;application peut toujours \u00eatre install\u00e9e sur un PC domestique. Pour cela, vous aurez besoin d&#8217;un \u00e9mulateur Android &#8212; Nox, Bluestacks ou similaire.<\/p>\n<p>Ce que vous devez faire :<\/p>\n<ol>\n<li>t\u00e9l\u00e9chargez et installez l&#8217;\u00e9mulateur ;<\/li>\n<li>t\u00e9l\u00e9chargez l&#8217;application Goldpari pour PC (le m\u00eame APK Goldpari gratuit) ;<\/li>\n<li>ouvrez le fichier via l&#8217;\u00e9mulateur, et vous pouvez commencer \u00e0 travailler imm\u00e9diatement.<\/li>\n<\/ol>\n<p>Vous obtiendrez l&#8217;interface compl\u00e8te de la version mobile, mais avec les avantages d&#8217;un grand \u00e9cran : c&#8217;est plus pratique pour analyser les lignes, les statistiques et les cotes.<\/p>\n<h3><strong>Goldpari : connexion \u00e0 l&#8217;application<\/strong><\/h3>\n<p>Pour placer des paris sur Goldpari, vous devrez vous connecter via l&#8217;application mobile. Tout se fait assez rapidement :<\/p>\n<ul>\n<li>entrez votre identifiant et mot de passe ;<\/li>\n<li>confirmez la connexion par e-mail ou SMS ;<\/li>\n<li>configurez une protection suppl\u00e9mentaire : code PIN ou Face ID.<\/li>\n<\/ul>\n<p>Apr\u00e8s cela, vous aurez acc\u00e8s \u00e0 toutes les fonctions : paris, bonus, param\u00e8tres, historique, lignes, promotions. En cas de probl\u00e8me, vous pouvez utiliser &#171;t\u00e9l\u00e9charger Goldpari login&#187; &#8212; une section sp\u00e9ciale sur le site o\u00f9 se trouvent les instructions pour l&#8217;autorisation. De nombreux utilisateurs pr\u00e9f\u00e8rent t\u00e9l\u00e9charger imm\u00e9diatement l&#8217;application Goldpari pour la connexion &#8212; c&#8217;est une version all\u00e9g\u00e9e dans laquelle le t\u00e9l\u00e9chargement et le lancement sont simplifi\u00e9s.<\/p>\n<h3>Goldpari en ligne fonctionne sur la plupart des appareils<\/h3>\n<p>Bonne nouvelle &#8212; l&#8217;application Goldpari ne n\u00e9cessite pas un appareil haut de gamme. Voici une liste de ce sur quoi elle fonctionne de mani\u00e8re stable :<\/p>\n<ul>\n<li>Samsung, Huawei, Xiaomi, Realme, Poco ;<\/li>\n<li>iPhone 6 et sup\u00e9rieur ;<\/li>\n<li>tous les appareils iOS \u00e0 partir de la version 12 ;<\/li>\n<li>tous les appareils avec Android 4.4 et sup\u00e9rieur.<\/li>\n<\/ul>\n<p>M\u00eame avec une connexion internet peu rapide, Goldpari &#8212; les paris sportifs via t\u00e9l\u00e9phone restent accessibles. L&#8217;application Goldpari s&#8217;adapte automatiquement \u00e0 la largeur de l&#8217;\u00e9cran, adapte les animations et ne surcharge pas le syst\u00e8me avec des effets inutiles. Des exigences syst\u00e8me minimales &#8212; aussi simple que possible. Pour que tout se passe bien, vous n&#8217;avez besoin que de peu :<\/p>\n<ul>\n<li>Android 5.0 ou iOS 12 ;<\/li>\n<li>au moins 200 Mo de m\u00e9moire libre ;<\/li>\n<li>une connexion internet (la LTE est pr\u00e9f\u00e9rable, mais la 3G fonctionnera aussi).<\/li>\n<\/ul>\n<p>M\u00eame si vous avez un t\u00e9l\u00e9phone obsol\u00e8te, vous pouvez t\u00e9l\u00e9charger l&#8217;application Goldpari (ancienne version) et utiliser toutes les fonctions de base. Et si l&#8217;appareil est plus r\u00e9cent &#8212; passez \u00e0 la derni\u00e8re version de l&#8217;APK Goldpari.<\/p>\n<h3>Conseils pour les d\u00e9butants : comment ne pas se perdre au d\u00e9but<\/h3>\n<p>Si vous d\u00e9couvrez les paris pour la premi\u00e8re fois et avez d\u00e9cid\u00e9 de commencer par les paris sportifs Goldpari via t\u00e9l\u00e9phone, voici quelques recommandations utiles :<\/p>\n<ul>\n<li>commencez par des paris simples &#8212; c&#8217;est plus facile pour comprendre la m\u00e9canique ;<\/li>\n<li>utilisez les bonus &#8212; ils sont disponibles imm\u00e9diatement apr\u00e8s la connexion \u00e0 l&#8217;application Goldpari ;<\/li>\n<li>\u00e9tudiez les statistiques &#8212; l&#8217;application fournit ces donn\u00e9es ;<\/li>\n<li>installez la derni\u00e8re version de l&#8217;APK Goldpari &#8212; ainsi vous ne manquerez pas les promotions et nouvelles fonctionnalit\u00e9s ;<\/li>\n<li>ne pariez pas \u00e0 l&#8217;aveugle &#8212; utilisez les filtres d&#8217;\u00e9v\u00e9nements, comparez les cotes.<\/li>\n<\/ul>\n<p>N&#8217;ayez pas peur de l&#8217;interface &#8212; tout est con\u00e7u pour \u00eatre intuitif. Il suffit de t\u00e9l\u00e9charger l&#8217;application Goldpari d\u00e8s maintenant, et vous d\u00e9couvrirez tout par vous-m\u00eame. Essayez de jouer m\u00eame sans d\u00e9p\u00f4t, pour comprendre comment tout fonctionne sans risque.<\/p>\n<h3>FAQ<\/h3>\n<ol>\n<li>L&#8217;application n&#8217;est pas dans Google Play &#8212; o\u00f9 puis-je l&#8217;obtenir ?<br \/>\nOuvrez simplement le site du bookmaker et t\u00e9l\u00e9chargez gratuitement l&#8217;APK Goldpari. L&#8217;installation ne prend que quelques minutes.<\/li>\n<li>Goldpari fonctionne-t-il bien sur iPhone ?<br \/>\nBien s\u00fbr. Vous devez t\u00e9l\u00e9charger l&#8217;application Goldpari pour iPhone depuis le site et autoriser l&#8217;installation du profil.<\/li>\n<li>Je veux mettre \u00e0 jour &#8212; comment faire ?<br \/>\nAllez sur le site officiel et cliquez pour t\u00e9l\u00e9charger l&#8217;application Goldpari (derni\u00e8re version). Ou supprimez simplement l&#8217;ancienne et installez la nouvelle.<\/li>\n<li>Probl\u00e8mes de connexion &#8212; que faire ?<br \/>\nV\u00e9rifiez internet, essayez la r\u00e9cup\u00e9ration du mot de passe. Ou re-t\u00e9l\u00e9chargez Goldpari login depuis la page de t\u00e9l\u00e9chargement sur le site officiel.<\/li>\n<\/ol>\n<h3>Pourquoi choisir Goldpari en ligne d\u00e8s maintenant ?<\/h3>\n<p>Approximativement tous les six mois, de nouvelles applications de paris sportifs entrent sur le march\u00e9, mais toutes ne fonctionnent pas de mani\u00e8re stable sous des charges \u00e9lev\u00e9es et ne sont donc pas tr\u00e8s pratiques pour les utilisateurs.<\/p>\n<p>L&#8217;application Goldpari est l&#8217;une des rares \u00e0 r\u00e9pondre \u00e0 toutes les demandes de jeu. Elle :<\/p>\n<ul>\n<li>ne n\u00e9cessite pas de VPN ;<\/li>\n<li>est r\u00e9guli\u00e8rement mise \u00e0 jour ;<\/li>\n<li>est disponible sur tous les appareils ;<\/li>\n<li>est simple \u00e0 installer et \u00e0 utiliser ;<\/li>\n<li>convient aux d\u00e9butants et aux pros.<\/li>\n<\/ul>\n<p>T\u00e9l\u00e9charger l&#8217;application Goldpari est une solution logique pour tous ceux qui veulent de la stabilit\u00e9 et du confort. Que vous installiez cette application sur Android, iOS, PC ou iPhone &#8212; vous obtiendrez toujours la plateforme la plus fiable pour jouer.<\/p>\n<p>Si vous avez besoin d&#8217;aide &#8212; le support fonctionne sur le site. Mais souvent, il suffit de t\u00e9l\u00e9charger Goldpari login, et tout fonctionnera tout seul. Les paris sont devenus plus accessibles &#8212; il suffit de t\u00e9l\u00e9charger Goldpari sur votre t\u00e9l\u00e9phone et de commencer d\u00e8s maintenant.<\/p>\n<\/div>\n","protected":false},"excerpt":{"rendered":"<p>Aujourd&#8217;hui, les paris sportifs se font majoritairement non pas via un PC, mais depuis un smartphone. Apr\u00e8s tout, une personne moderne pr\u00e9f\u00e8re tout faire en d\u00e9placement &#8212; dans une file d&#8217;attente, en mouvement, dans les transports en commun ou en pleine nature. \u00c0 cet \u00e9gard, les applications mobiles sont effectivement devenues incontournables dans le monde &#8230;<\/p>\n","protected":false},"author":1,"featured_media":0,"parent":0,"menu_order":0,"comment_status":"closed","ping_status":"open","template":"","meta":{"om_disable_all_campaigns":false,"footnotes":""},"class_list":["post-2","page","type-page","status-publish"],"aioseo_notices":[],"_links":{"self":[{"href":"https:\/\/goldpari-app.com\/fr\/wp-json\/wp\/v2\/pages\/2","targetHints":{"allow":["GET"]}}],"collection":[{"href":"https:\/\/goldpari-app.com\/fr\/wp-json\/wp\/v2\/pages"}],"about":[{"href":"https:\/\/goldpari-app.com\/fr\/wp-json\/wp\/v2\/types\/page"}],"author":[{"embeddable":true,"href":"https:\/\/goldpari-app.com\/fr\/wp-json\/wp\/v2\/users\/1"}],"replies":[{"embeddable":true,"href":"https:\/\/goldpari-app.com\/fr\/wp-json\/wp\/v2\/comments?post=2"}],"version-history":[{"count":3,"href":"https:\/\/goldpari-app.com\/fr\/wp-json\/wp\/v2\/pages\/2\/revisions"}],"predecessor-version":[{"id":15,"href":"https:\/\/goldpari-app.com\/fr\/wp-json\/wp\/v2\/pages\/2\/revisions\/15"}],"wp:attachment":[{"href":"https:\/\/goldpari-app.com\/fr\/wp-json\/wp\/v2\/media?parent=2"}],"curies":[{"name":"wp","href":"https:\/\/api.w.org\/{rel}","templated":true}]}}