{"id":26,"date":"2025-08-28T13:42:39","date_gmt":"2025-08-28T10:42:39","guid":{"rendered":"https:\/\/goldpari-app.com\/fr\/?page_id=26"},"modified":"2025-08-28T14:00:37","modified_gmt":"2025-08-28T11:00:37","slug":"bookmaker-goldpari","status":"publish","type":"page","link":"https:\/\/goldpari-app.com\/fr\/bookmaker-goldpari\/","title":{"rendered":"Bookmaker Goldpari &#8212; paris sportifs"},"content":{"rendered":"<div class=\"entry\">\n<p>Un bookmaker en pleine croissance a d\u00e9j\u00e0 attir\u00e9 l\u2019attention des amateurs de paris sportifs \u00e0 travers l\u2019Afrique. La plateforme est con\u00e7ue pour offrir aux joueurs une exp\u00e9rience moderne \u2014 avec un design contemporain, les meilleures cotes Goldpari, une navigation pratique et un excellent choix d\u2019options de paris. Une attention particuli\u00e8re est accord\u00e9e \u00e0 un aspect cl\u00e9 \u2014 la s\u00e9curit\u00e9 des paris Goldpari.<br \/>\nJouez au casino en ligne et aux machines \u00e0 sous Goldpari : la plateforme regroupe les meilleurs jeux des principaux fournisseurs mondiaux de logiciels.<\/p>\n<div class=\"has-text-align-center\">\n<div class=\"wp-block-buttons\">\n<div class=\"wp-block-button is-style-fill\" style=\"text-align: center;\"><button style=\"background: none;\" formaction=\"href=\" data-background-color=\"#F22775\" data-color=\"white\" data-turbo=\"false\" data-primary=\"true\"><a class=\"wp-block-button__link has-text-color has-background rds_hl_nofollow\" style=\"background-color: #79a430; color: #ffffff; border-radius: 10px;\" href=\"https:\/\/goldpari-app.com\/mobile\" target=\"_blank\" rel=\"nofollow noopener\">T\u00e9l\u00e9charger l\u2019application GoldPari<\/a><\/button><\/div>\n<\/div>\n<\/div>\n<h2>Site officiel Goldpari<\/h2>\n<p>400 000 utilisateurs jouent activement sur la plateforme officielle goldpari.com. Ce nombre ne cesse de cro\u00eetre \u00e0 mesure que de plus en plus de joueurs choisissent la commodit\u00e9 et la fiabilit\u00e9 du bookmaker.<\/p>\n<h2>Inscription Goldpari<\/h2>\n<p>Comment s\u2019inscrire sur Goldpari est une question fr\u00e9quente chez les nouveaux arrivants. Suivez le lien s\u00e9curis\u00e9 vers le site officiel et cliquez sur le bouton jaune en haut de la page. Choisissez votre m\u00e9thode d\u2019inscription Goldpari : t\u00e9l\u00e9phone ou e-mail.<\/p>\n<h2>Paris sportifs Goldpari<\/h2>\n<p>Des paris sont accept\u00e9s sur 1 000 \u00e9v\u00e9nements sportifs.<\/p>\n<p>Quels sports sont disponibles sur Goldpari ?<\/p>\n<ul>\n<li>football<\/li>\n<li>baseball<\/li>\n<li>tennis<\/li>\n<li>football am\u00e9ricain<\/li>\n<li>football australien<\/li>\n<li>basketball<\/li>\n<li>biathlon<\/li>\n<li>volleyball<\/li>\n<li>hockey sur glace<\/li>\n<li>golf<\/li>\n<li>boxe<\/li>\n<li>handball<\/li>\n<li>tennis de table<\/li>\n<li>bandy<\/li>\n<\/ul>\n<p>\u00c9galement disponibles : snooker, esports Goldpari, floorball, cricket, Formule 1, cyclisme, hockey inline, saut \u00e0 ski, curling, water-polo. Une attention particuli\u00e8re est port\u00e9e aux tournois r\u00e9gionaux \u2014 en particulier le football, le hockey et le futsal.<\/p>\n<h2>Types de paris<\/h2>\n<p>Nous proposons un aper\u00e7u des paris Goldpari :<\/p>\n<h3>Que faire si j\u2019ai oubli\u00e9 mon mot de passe sur le site du bookmaker ?<\/h3>\n<p>La r\u00e9cup\u00e9ration du mot de passe Goldpari est possible par e-mail ou num\u00e9ro de t\u00e9l\u00e9phone.<\/p>\n<table>\n<thead>\n<tr>\n<th scope=\"col\">Type<\/th>\n<th scope=\"col\">Description<\/th>\n<\/tr>\n<\/thead>\n<tbody>\n<tr>\n<td>Paris simples<\/td>\n<td>Un pari sur un r\u00e9sultat pr\u00e9cis. Si votre pr\u00e9diction est correcte, vous gagnez la mise multipli\u00e9e par la cote.<\/td>\n<\/tr>\n<tr>\n<td>Pari combin\u00e9 (Parlay)<\/td>\n<td>Les paris combin\u00e9s Goldpari \u2014 plusieurs s\u00e9lections regroup\u00e9es sur un m\u00eame coupon.<\/td>\n<\/tr>\n<tr>\n<td>Pari syst\u00e8me<\/td>\n<td>Inclut des combinaisons possibles de paris combin\u00e9s issus des \u00e9v\u00e9nements s\u00e9lectionn\u00e9s.<br \/>\nNombre maximum de combinaisons : <strong>184 756<\/strong>.<br \/>\nNombre maximum d\u2019\u00e9v\u00e9nements : <strong>20<\/strong>.<\/td>\n<\/tr>\n<tr>\n<td>Pari en cha\u00eene<\/td>\n<td>Une suite de paris simples r\u00e9gl\u00e9s dans un ordre d\u00e9fini.<br \/>\nLe montant initial finance le premier pari.<br \/>\nSi le r\u00e9sultat de la cha\u00eene est remis \u00e0 z\u00e9ro, le pari est perdu.<\/td>\n<\/tr>\n<tr>\n<td>Pari \u00e0 cr\u00e9dit<\/td>\n<td>Un pari plac\u00e9 lorsqu\u2019il n\u2019y a pas de fonds suffisants sur le solde.<\/td>\n<\/tr>\n<tr>\n<td>Pari avec code promo<\/td>\n<td>L\u2019entreprise offre aux participants une opportunit\u00e9 unique de placer des paris Goldpari avec un code promo. Les codes sont attribu\u00e9s individuellement \u00e0 la discr\u00e9tion du bookmaker.<br \/>\nDes conditions sp\u00e9ciales s\u2019appliquent aux codes promo : d\u00e9tails et v\u00e9rification du code disponibles dans la section Promo \u2014 \u00ab V\u00e9rification du code promo \u00bb.<\/td>\n<\/tr>\n<tr>\n<td>Multibet<\/td>\n<td>Une combinaison de jeux avec des combin\u00e9s et des simples. Cette approche permet de cr\u00e9er votre propre \u00ab mix \u00bb d\u2019\u00e9v\u00e9nements pour plus de flexibilit\u00e9 et de sensations.<\/td>\n<\/tr>\n<tr>\n<td>Pari conditionnel<\/td>\n<td>Combine plusieurs simples ou combin\u00e9s. Vous choisissez l\u2019ordre de r\u00e8glement des s\u00e9lections dans le coupon.<br \/>\nLa taille de chaque pari suivant ne peut pas d\u00e9passer les gains du pr\u00e9c\u00e9dent.<\/td>\n<\/tr>\n<tr>\n<td>Anti-combin\u00e9<\/td>\n<td>Un pari avec logique invers\u00e9e : il gagne lorsqu\u2019un combin\u00e9 classique perd.<br \/>\nCondition principale : au moins deux r\u00e9sultats ind\u00e9pendants dans le pari.<\/td>\n<\/tr>\n<tr>\n<td>Lucky<\/td>\n<td>Un ensemble de paris simples plus des combin\u00e9s possibles des \u00e9v\u00e9nements s\u00e9lectionn\u00e9s.<br \/>\nN\u00e9cessite un minimum de <strong>2<\/strong> et un maximum de <strong>8<\/strong> \u00e9v\u00e9nements.<\/td>\n<\/tr>\n<tr>\n<td>Brevet (Patent)<\/td>\n<td>Une combinaison sp\u00e9cifique de combin\u00e9s construits \u00e0 partir des \u00e9v\u00e9nements s\u00e9lectionn\u00e9s.<br \/>\nValable pour <strong>3 \u00e0 8<\/strong> \u00e9v\u00e9nements.<\/td>\n<\/tr>\n<\/tbody>\n<\/table>\n<style>\n  table {<br \/>    width: 100%;<br \/>    border-collapse: collapse;<br \/>    font-family: system-ui, -apple-system, Segoe UI, Roboto, Arial, sans-serif;<br \/>    font-size: 14px;<br \/>  }<br \/>  caption {<br \/>    text-align: left;<br \/>    font-weight: 600;<br \/>    margin-bottom: 8px;<br \/>  }<br \/>  th, td {<br \/>    border: 1px solid #ddd;<br \/>    padding: 10px 12px;<br \/>    vertical-align: top;<br \/>  }<br \/>  thead th {<br \/>    background: #f6f7f9;<br \/>  }<br \/>  tbody tr:nth-child(even) td {<br \/>    background: #fafafa;<br \/>  }<br \/><\/style>\n<\/div>\n","protected":false},"excerpt":{"rendered":"<p>Un bookmaker en pleine croissance a d\u00e9j\u00e0 attir\u00e9 l\u2019attention des amateurs de paris sportifs \u00e0 travers l\u2019Afrique. La plateforme est con\u00e7ue pour offrir aux joueurs une exp\u00e9rience moderne \u2014 avec un design contemporain, les meilleures cotes Goldpari, une navigation pratique et un excellent choix d\u2019options de paris. Une attention particuli\u00e8re est accord\u00e9e \u00e0 un aspect &#8230;<\/p>\n","protected":false},"author":1,"featured_media":0,"parent":0,"menu_order":0,"comment_status":"closed","ping_status":"closed","template":"","meta":{"om_disable_all_campaigns":false,"footnotes":""},"class_list":["post-26","page","type-page","status-publish"],"aioseo_notices":[],"_links":{"self":[{"href":"https:\/\/goldpari-app.com\/fr\/wp-json\/wp\/v2\/pages\/26","targetHints":{"allow":["GET"]}}],"collection":[{"href":"https:\/\/goldpari-app.com\/fr\/wp-json\/wp\/v2\/pages"}],"about":[{"href":"https:\/\/goldpari-app.com\/fr\/wp-json\/wp\/v2\/types\/page"}],"author":[{"embeddable":true,"href":"https:\/\/goldpari-app.com\/fr\/wp-json\/wp\/v2\/users\/1"}],"replies":[{"embeddable":true,"href":"https:\/\/goldpari-app.com\/fr\/wp-json\/wp\/v2\/comments?post=26"}],"version-history":[{"count":2,"href":"https:\/\/goldpari-app.com\/fr\/wp-json\/wp\/v2\/pages\/26\/revisions"}],"predecessor-version":[{"id":28,"href":"https:\/\/goldpari-app.com\/fr\/wp-json\/wp\/v2\/pages\/26\/revisions\/28"}],"wp:attachment":[{"href":"https:\/\/goldpari-app.com\/fr\/wp-json\/wp\/v2\/media?parent=26"}],"curies":[{"name":"wp","href":"https:\/\/api.w.org\/{rel}","templated":true}]}}